{"id":4276,"date":"2022-04-05T08:49:19","date_gmt":"2022-04-05T15:49:19","guid":{"rendered":"https:\/\/hutchkids.org\/resumen-del-plan-de-estudios\/"},"modified":"2025-03-03T13:04:55","modified_gmt":"2025-03-03T21:04:55","slug":"resumen-del-plan-de-estudios","status":"publish","type":"page","link":"https:\/\/hutchkids.org\/es\/resumen-del-plan-de-estudios\/","title":{"rendered":"Resumen del plan de estudios"},"content":{"rendered":"\t\t<div data-elementor-type=\"wp-page\" data-elementor-id=\"4276\" class=\"elementor elementor-4276 elementor-813\" data-elementor-post-type=\"page\">\n\t\t\t\t\t\t<section class=\"elementor-section elementor-top-section elementor-element elementor-element-671b3cc elementor-section-height-min-height elementor-section-boxed elementor-section-height-default elementor-section-items-middle\" data-id=\"671b3cc\" data-element_type=\"section\" data-settings=\"{&quot;background_background&quot;:&quot;classic&quot;}\">\n\t\t\t\t\t\t\t<div class=\"elementor-background-overlay\"><\/div>\n\t\t\t\t\t\t\t<div class=\"elementor-container elementor-column-gap-default\">\n\t\t\t\t\t<div class=\"elementor-column elementor-col-100 elementor-top-column elementor-element elementor-element-592cf8f\" data-id=\"592cf8f\" data-element_type=\"column\">\n\t\t\t<div class=\"elementor-widget-wrap elementor-element-populated\">\n\t\t\t\t\t\t<div class=\"elementor-element elementor-element-8b8e797 elementor-widget elementor-widget-heading\" data-id=\"8b8e797\" data-element_type=\"widget\" data-widget_type=\"heading.default\">\n\t\t\t\t<div class=\"elementor-widget-container\">\n\t\t\t\t\t<h1 class=\"elementor-heading-title elementor-size-default\">Resumen del plan de estudios<\/h1>\t\t\t\t<\/div>\n\t\t\t\t<\/div>\n\t\t\t\t\t<\/div>\n\t\t<\/div>\n\t\t\t\t\t<\/div>\n\t\t<\/section>\n\t\t\t\t<section class=\"elementor-section elementor-top-section elementor-element elementor-element-c1d8cff elementor-section-boxed elementor-section-height-default elementor-section-height-default\" data-id=\"c1d8cff\" data-element_type=\"section\">\n\t\t\t\t\t\t<div class=\"elementor-container elementor-column-gap-default\">\n\t\t\t\t\t<div class=\"elementor-column elementor-col-100 elementor-top-column elementor-element elementor-element-aa75e75\" data-id=\"aa75e75\" data-element_type=\"column\">\n\t\t\t<div class=\"elementor-widget-wrap elementor-element-populated\">\n\t\t\t\t\t\t<div class=\"elementor-element elementor-element-6f63edf elementor-widget elementor-widget-text-editor\" data-id=\"6f63edf\" data-element_type=\"widget\" data-widget_type=\"text-editor.default\">\n\t\t\t\t<div class=\"elementor-widget-container\">\n\t\t\t\t\t\t\t\t\t<p><span style=\"font-size: 1.1em;\">La primera infancia es un periodo especial para los ni\u00f1os, ya que pasan de una forma sensorial y centrada en el ego de experimentar el mundo a otra m\u00e1s rica con relaciones sociales ampliadas y una creciente comprensi\u00f3n del mundo en general. Es una \u00e9poca de r\u00e1pido crecimiento del cerebro en la que las habilidades ling\u00fc\u00edsticas se ampl\u00edan y el nuevo vocabulario y las habilidades de razonamiento sirven de base para el desarrollo intelectual. El cuerpo de los ni\u00f1os tambi\u00e9n se est\u00e1 desarrollando y necesita muchas oportunidades para moverse; estas oportunidades se incorporan cada d\u00eda con tiempo de juego regular, paseos y educaci\u00f3n f\u00edsica planificada.<\/span><\/p>\n<p>Los profesores utilizan recursos del Plan de Estudios Creativo para planificar actividades o investigaciones inspiradas en las necesidades e intereses de desarrollo de los ni\u00f1os. Nuestro plan de estudios est\u00e1 dise\u00f1ado para fomentar la confianza en s\u00ed mismo de cada ni\u00f1o y honrar su idioma \u00fanico, su cultura y sus antecedentes familiares. Los profesores facilitan los objetivos del plan de estudios y apoyan a los ni\u00f1os mientras construyen nuevos conocimientos, desarrollan habilidades mediante la exploraci\u00f3n pr\u00e1ctica, aprenden por ensayo y error, establecen relaciones y desarrollan un amor permanente por el aprendizaje. Tambi\u00e9n nos basamos en el <a href=\"https:\/\/www.jcfs.org\/our-services\/children-adolescents\/virginia-frank\/connections-relationship-based-phase-model#:~:text=The%20curriculum%20is%20based%20on,and%20consolidation%20of%20skills%20phase.\" target=\"_blank\" rel=\"noopener\">Modelo de Fase Basado en la Relaci\u00f3n<\/a>, la <a href=\"https:\/\/www.naeyc.org\/resources\/position-statements\/dap\/purpose\" target=\"_blank\" rel=\"noopener\">Pr\u00e1ctica Adecuada al Desarrollo<\/a>, <a href=\"https:\/\/www.naeyc.org\/resources\/pubs\/yc\/summer2021\/viewpoint-anti-racist-spaces\" target=\"_blank\" rel=\"noopener\">la Educaci\u00f3n Antiprejuicios<\/a> y el <a href=\"https:\/\/www.naeyc.org\/resources\/pubs\/yc\/nov2015\/emergent-curriculum\" target=\"_blank\" rel=\"noopener\">Curr\u00edculum Emergente<\/a>.<\/p>\n<p>En Hutch Kids, consideramos que el entorno de la clase es el tercer profesor y creamos intencionadamente espacios espec\u00edficos para las necesidades particulares, el desarrollo y la identidad de cada ni\u00f1o inscrito. Las aulas son funcionales, acogedoras, bellas y reflejan la comunidad espec\u00edfica a la que sirven. Las aulas crecer\u00e1n y cambiar\u00e1n con las necesidades siempre cambiantes de los ni\u00f1os a lo largo del a\u00f1o escolar y estos entornos tendr\u00e1n un aspecto diferente cada a\u00f1o cuando reciban a un nuevo grupo de ni\u00f1os en el espacio.<\/p>\n<p>Dado que las relaciones aut\u00e9nticas y positivas son el n\u00facleo de nuestro programa, las proporciones y el tama\u00f1o de los grupos de Hutch Kids est\u00e1n muy por debajo de la proporci\u00f3n y el tama\u00f1o m\u00e1ximos de los grupos establecidos por el <a href=\"https:\/\/app.leg.wa.gov\/wac\/default.aspx?cite=110-300-0356\" target=\"_blank\" rel=\"noopener\">Departamento de Ni\u00f1os, J\u00f3venes y Familias del Estado de Washington<\/a> (DCYF) y la <a href=\"https:\/\/www.naeyc.org\/sites\/default\/files\/globally-shared\/downloads\/PDFs\/accreditation\/early-learning\/staff_child_ratio_0.pdf\" target=\"_blank\" rel=\"noopener\">Asociaci\u00f3n Nacional para la Educaci\u00f3n de Ni\u00f1os Peque\u00f1os<\/a> (NAEYC).<\/p>\n\t\t\t\t\t\t\t\t<\/div>\n\t\t\t\t<\/div>\n\t\t\t\t<div class=\"elementor-element elementor-element-caa64d2 elementor-widget elementor-widget-spacer\" data-id=\"caa64d2\" data-element_type=\"widget\" data-widget_type=\"spacer.default\">\n\t\t\t\t<div class=\"elementor-widget-container\">\n\t\t\t\t\t\t\t<div class=\"elementor-spacer\">\n\t\t\t<div class=\"elementor-spacer-inner\"><\/div>\n\t\t<\/div>\n\t\t\t\t\t\t<\/div>\n\t\t\t\t<\/div>\n\t\t\t\t<div class=\"elementor-element elementor-element-56fe4be elementor-mobile-align-center elementor-widget elementor-widget-button\" data-id=\"56fe4be\" data-element_type=\"widget\" data-widget_type=\"button.default\">\n\t\t\t\t<div class=\"elementor-widget-container\">\n\t\t\t\t\t\t\t\t\t<div class=\"elementor-button-wrapper\">\n\t\t\t\t\t<a class=\"elementor-button elementor-button-link elementor-size-sm\" href=\"https:\/\/hutchkids.org\/es\/niveles-del-programa\/\">\n\t\t\t\t\t\t<span class=\"elementor-button-content-wrapper\">\n\t\t\t\t\t\t\t\t\t<span class=\"elementor-button-text\">M\u00e1s informaci\u00f3n sobre nuestros programas<\/span>\n\t\t\t\t\t<\/span>\n\t\t\t\t\t<\/a>\n\t\t\t\t<\/div>\n\t\t\t\t\t\t\t\t<\/div>\n\t\t\t\t<\/div>\n\t\t\t\t\t<\/div>\n\t\t<\/div>\n\t\t\t\t\t<\/div>\n\t\t<\/section>\n\t\t\t\t<section class=\"elementor-section elementor-top-section elementor-element elementor-element-482686d elementor-section-boxed elementor-section-height-default elementor-section-height-default\" data-id=\"482686d\" data-element_type=\"section\">\n\t\t\t\t\t\t<div class=\"elementor-container elementor-column-gap-default\">\n\t\t\t\t\t<div class=\"elementor-column elementor-col-100 elementor-top-column elementor-element elementor-element-ca7f0ee\" data-id=\"ca7f0ee\" data-element_type=\"column\">\n\t\t\t<div class=\"elementor-widget-wrap elementor-element-populated\">\n\t\t\t\t\t\t<div class=\"elementor-element elementor-element-397f842 elementor-widget elementor-widget-image\" data-id=\"397f842\" data-element_type=\"widget\" data-widget_type=\"image.default\">\n\t\t\t\t<div class=\"elementor-widget-container\">\n\t\t\t\t\t\t\t\t\t\t\t\t\t\t\t<img fetchpriority=\"high\" decoding=\"async\" width=\"1600\" height=\"1067\" src=\"https:\/\/hutchkids.org\/wp-content\/uploads\/2022\/06\/CurriculumOverview_Inset1.jpg\" class=\"attachment-full size-full wp-image-4112\" alt=\"\" srcset=\"https:\/\/hutchkids.org\/wp-content\/uploads\/2022\/06\/CurriculumOverview_Inset1.jpg 1600w, https:\/\/hutchkids.org\/wp-content\/uploads\/2022\/06\/CurriculumOverview_Inset1-300x200.jpg 300w, https:\/\/hutchkids.org\/wp-content\/uploads\/2022\/06\/CurriculumOverview_Inset1-1024x683.jpg 1024w, https:\/\/hutchkids.org\/wp-content\/uploads\/2022\/06\/CurriculumOverview_Inset1-768x512.jpg 768w, https:\/\/hutchkids.org\/wp-content\/uploads\/2022\/06\/CurriculumOverview_Inset1-391x260.jpg 391w, https:\/\/hutchkids.org\/wp-content\/uploads\/2022\/06\/CurriculumOverview_Inset1-1536x1024.jpg 1536w, https:\/\/hutchkids.org\/wp-content\/uploads\/2022\/06\/CurriculumOverview_Inset1-600x400.jpg 600w\" sizes=\"(max-width: 1600px) 100vw, 1600px\" \/>\t\t\t\t\t\t\t\t\t\t\t\t\t\t\t<\/div>\n\t\t\t\t<\/div>\n\t\t\t\t<div class=\"elementor-element elementor-element-4ca8b7c elementor-widget elementor-widget-image\" data-id=\"4ca8b7c\" data-element_type=\"widget\" data-widget_type=\"image.default\">\n\t\t\t\t<div class=\"elementor-widget-container\">\n\t\t\t\t\t\t\t\t\t\t\t\t\t\t\t<img decoding=\"async\" width=\"1600\" height=\"1067\" src=\"https:\/\/hutchkids.org\/wp-content\/uploads\/2022\/06\/CurriculumOverview-Inset2.jpg\" class=\"attachment-full size-full wp-image-4115\" alt=\"\" srcset=\"https:\/\/hutchkids.org\/wp-content\/uploads\/2022\/06\/CurriculumOverview-Inset2.jpg 1600w, https:\/\/hutchkids.org\/wp-content\/uploads\/2022\/06\/CurriculumOverview-Inset2-300x200.jpg 300w, https:\/\/hutchkids.org\/wp-content\/uploads\/2022\/06\/CurriculumOverview-Inset2-1024x683.jpg 1024w, https:\/\/hutchkids.org\/wp-content\/uploads\/2022\/06\/CurriculumOverview-Inset2-768x512.jpg 768w, https:\/\/hutchkids.org\/wp-content\/uploads\/2022\/06\/CurriculumOverview-Inset2-391x260.jpg 391w, https:\/\/hutchkids.org\/wp-content\/uploads\/2022\/06\/CurriculumOverview-Inset2-1536x1024.jpg 1536w, https:\/\/hutchkids.org\/wp-content\/uploads\/2022\/06\/CurriculumOverview-Inset2-600x400.jpg 600w\" sizes=\"(max-width: 1600px) 100vw, 1600px\" \/>\t\t\t\t\t\t\t\t\t\t\t\t\t\t\t<\/div>\n\t\t\t\t<\/div>\n\t\t\t\t\t<\/div>\n\t\t<\/div>\n\t\t\t\t\t<\/div>\n\t\t<\/section>\n\t\t\t\t<\/div>\n\t\t","protected":false},"excerpt":{"rendered":"<p>Resumen del plan de estudios La primera infancia es un periodo especial para los ni\u00f1os, ya que pasan de una forma sensorial y centrada en el ego de experimentar el mundo a otra m\u00e1s rica con relaciones sociales ampliadas y una creciente comprensi\u00f3n del mundo en general. Es una \u00e9poca de r\u00e1pido crecimiento del cerebro [&hellip;]<\/p>\n","protected":false},"author":3,"featured_media":0,"parent":0,"menu_order":0,"comment_status":"closed","ping_status":"closed","template":"","meta":{"site-sidebar-layout":"no-sidebar","site-content-layout":"page-builder","ast-site-content-layout":"default","site-content-style":"default","site-sidebar-style":"default","ast-global-header-display":"","ast-banner-title-visibility":"","ast-main-header-display":"","ast-hfb-above-header-display":"","ast-hfb-below-header-display":"","ast-hfb-mobile-header-display":"","site-post-title":"disabled","ast-breadcrumbs-content":"","ast-featured-img":"disabled","footer-sml-layout":"","ast-disable-related-posts":"","theme-transparent-header-meta":"","adv-header-id-meta":"","stick-header-meta":"","header-above-stick-meta":"","header-main-stick-meta":"","header-below-stick-meta":"","astra-migrate-meta-layouts":"default","ast-page-background-enabled":"default","ast-page-background-meta":{"desktop":{"background-color":"var(--ast-global-color-4)","background-image":"","background-repeat":"repeat","background-position":"center center","background-size":"auto","background-attachment":"scroll","background-type":"","background-media":"","overlay-type":"","overlay-color":"","overlay-opacity":"","overlay-gradient":""},"tablet":{"background-color":"","background-image":"","background-repeat":"repeat","background-position":"center center","background-size":"auto","background-attachment":"scroll","background-type":"","background-media":"","overlay-type":"","overlay-color":"","overlay-opacity":"","overlay-gradient":""},"mobile":{"background-color":"","background-image":"","background-repeat":"repeat","background-position":"center center","background-size":"auto","background-attachment":"scroll","background-type":"","background-media":"","overlay-type":"","overlay-color":"","overlay-opacity":"","overlay-gradient":""}},"ast-content-background-meta":{"desktop":{"background-color":"var(--ast-global-color-5)","background-image":"","background-repeat":"repeat","background-position":"center center","background-size":"auto","background-attachment":"scroll","background-type":"","background-media":"","overlay-type":"","overlay-color":"","overlay-opacity":"","overlay-gradient":""},"tablet":{"background-color":"var(--ast-global-color-5)","background-image":"","background-repeat":"repeat","background-position":"center center","background-size":"auto","background-attachment":"scroll","background-type":"","background-media":"","overlay-type":"","overlay-color":"","overlay-opacity":"","overlay-gradient":""},"mobile":{"background-color":"var(--ast-global-color-5)","background-image":"","background-repeat":"repeat","background-position":"center center","background-size":"auto","background-attachment":"scroll","background-type":"","background-media":"","overlay-type":"","overlay-color":"","overlay-opacity":"","overlay-gradient":""}},"footnotes":""},"class_list":["post-4276","page","type-page","status-publish","hentry"],"_links":{"self":[{"href":"https:\/\/hutchkids.org\/es\/wp-json\/wp\/v2\/pages\/4276","targetHints":{"allow":["GET"]}}],"collection":[{"href":"https:\/\/hutchkids.org\/es\/wp-json\/wp\/v2\/pages"}],"about":[{"href":"https:\/\/hutchkids.org\/es\/wp-json\/wp\/v2\/types\/page"}],"author":[{"embeddable":true,"href":"https:\/\/hutchkids.org\/es\/wp-json\/wp\/v2\/users\/3"}],"replies":[{"embeddable":true,"href":"https:\/\/hutchkids.org\/es\/wp-json\/wp\/v2\/comments?post=4276"}],"version-history":[{"count":6,"href":"https:\/\/hutchkids.org\/es\/wp-json\/wp\/v2\/pages\/4276\/revisions"}],"predecessor-version":[{"id":11162,"href":"https:\/\/hutchkids.org\/es\/wp-json\/wp\/v2\/pages\/4276\/revisions\/11162"}],"wp:attachment":[{"href":"https:\/\/hutchkids.org\/es\/wp-json\/wp\/v2\/media?parent=4276"}],"curies":[{"name":"wp","href":"https:\/\/api.w.org\/{rel}","templated":true}]}}