{"id":4300,"date":"2022-04-05T08:49:31","date_gmt":"2022-04-05T15:49:31","guid":{"rendered":"https:\/\/hutchkids.org\/participacion-de-los-padres\/"},"modified":"2022-07-11T11:07:44","modified_gmt":"2022-07-11T18:07:44","slug":"participacion-de-los-padres","status":"publish","type":"page","link":"https:\/\/hutchkids.org\/es\/participacion-de-los-padres\/","title":{"rendered":"Participaci\u00f3n de los padres"},"content":{"rendered":"\t\t<div data-elementor-type=\"wp-page\" data-elementor-id=\"4300\" class=\"elementor elementor-4300 elementor-815\" data-elementor-post-type=\"page\">\n\t\t\t\t\t\t<section class=\"elementor-section elementor-top-section elementor-element elementor-element-ef2fd95 elementor-section-height-min-height elementor-section-boxed elementor-section-height-default elementor-section-items-middle\" data-id=\"ef2fd95\" data-element_type=\"section\" data-settings=\"{&quot;background_background&quot;:&quot;classic&quot;}\">\n\t\t\t\t\t\t\t<div class=\"elementor-background-overlay\"><\/div>\n\t\t\t\t\t\t\t<div class=\"elementor-container elementor-column-gap-default\">\n\t\t\t\t\t<div class=\"elementor-column elementor-col-100 elementor-top-column elementor-element elementor-element-1acf4ea\" data-id=\"1acf4ea\" data-element_type=\"column\">\n\t\t\t<div class=\"elementor-widget-wrap elementor-element-populated\">\n\t\t\t\t\t\t<div class=\"elementor-element elementor-element-54cdc9e elementor-widget elementor-widget-heading\" data-id=\"54cdc9e\" data-element_type=\"widget\" data-widget_type=\"heading.default\">\n\t\t\t\t<div class=\"elementor-widget-container\">\n\t\t\t\t\t<h1 class=\"elementor-heading-title elementor-size-default\">Participaci\u00f3n de los padres<\/h1>\t\t\t\t<\/div>\n\t\t\t\t<\/div>\n\t\t\t\t\t<\/div>\n\t\t<\/div>\n\t\t\t\t\t<\/div>\n\t\t<\/section>\n\t\t\t\t<section class=\"elementor-section elementor-top-section elementor-element elementor-element-0a84dc7 elementor-section-boxed elementor-section-height-default elementor-section-height-default\" data-id=\"0a84dc7\" data-element_type=\"section\">\n\t\t\t\t\t\t<div class=\"elementor-container elementor-column-gap-default\">\n\t\t\t\t\t<div class=\"elementor-column elementor-col-100 elementor-top-column elementor-element elementor-element-1671d17\" data-id=\"1671d17\" data-element_type=\"column\">\n\t\t\t<div class=\"elementor-widget-wrap elementor-element-populated\">\n\t\t\t\t\t\t<div class=\"elementor-element elementor-element-a7050c6 elementor-widget elementor-widget-heading\" data-id=\"a7050c6\" data-element_type=\"widget\" data-widget_type=\"heading.default\">\n\t\t\t\t<div class=\"elementor-widget-container\">\n\t\t\t\t\t<h2 class=\"elementor-heading-title elementor-size-default\">Comit\u00e9 de Padres y Profesores<\/h2>\t\t\t\t<\/div>\n\t\t\t\t<\/div>\n\t\t\t\t<div class=\"elementor-element elementor-element-dfb10ec elementor-widget elementor-widget-text-editor\" data-id=\"dfb10ec\" data-element_type=\"widget\" data-widget_type=\"text-editor.default\">\n\t\t\t\t<div class=\"elementor-widget-container\">\n\t\t\t\t\t\t\t\t\tEl Comit\u00e9 de Padres y Profesores (PTC) es un comit\u00e9 permanente formado por padres y profesores con la intenci\u00f3n de construir, apoyar y liderar una exitosa asociaci\u00f3n hogar-escuela en Hutch Kids. Ofrecemos una plataforma para que las familias y el personal de diferentes aulas y niveles de edad se unan para mejorar Hutch Kids. Cultivamos la participaci\u00f3n a trav\u00e9s de actividades espec\u00edficas que celebran la comunidad y los ni\u00f1os y recaudan fondos para apoyar nuestros eventos comunitarios y \u00e1reas espec\u00edficas para la mejora del programa.\n<br><br>\nAl menos uno de los padres de cada aula forma parte del Comit\u00e9 de Padres y Profesores como padre de aula, asegurando que la informaci\u00f3n importante se transmita a las dem\u00e1s familias del aula. A menudo, dos padres compartir\u00e1n el trabajo como co-padres de sala.\n<br><br>\nEl PTC se re\u00fane mensualmente a trav\u00e9s de Zoom el tercer martes de cada mes de 12 a 13 horas.\t\t\t\t\t\t\t\t<\/div>\n\t\t\t\t<\/div>\n\t\t\t\t<div class=\"elementor-element elementor-element-5ef6abd elementor-widget elementor-widget-spacer\" data-id=\"5ef6abd\" data-element_type=\"widget\" data-widget_type=\"spacer.default\">\n\t\t\t\t<div class=\"elementor-widget-container\">\n\t\t\t\t\t\t\t<div class=\"elementor-spacer\">\n\t\t\t<div class=\"elementor-spacer-inner\"><\/div>\n\t\t<\/div>\n\t\t\t\t\t\t<\/div>\n\t\t\t\t<\/div>\n\t\t\t\t<div class=\"elementor-element elementor-element-d643aa8 elementor-widget elementor-widget-heading\" data-id=\"d643aa8\" data-element_type=\"widget\" data-widget_type=\"heading.default\">\n\t\t\t\t<div class=\"elementor-widget-container\">\n\t\t\t\t\t<h2 class=\"elementor-heading-title elementor-size-default\">Programa de educaci\u00f3n para padres \"Lunch and Learn<\/h2>\t\t\t\t<\/div>\n\t\t\t\t<\/div>\n\t\t\t\t<div class=\"elementor-element elementor-element-523acf1 elementor-widget elementor-widget-text-editor\" data-id=\"523acf1\" data-element_type=\"widget\" data-widget_type=\"text-editor.default\">\n\t\t\t\t<div class=\"elementor-widget-container\">\n\t\t\t\t\t\t\t\t\tTodos los meses, a excepci\u00f3n de junio y julio, invitamos a los padres a una presentaci\u00f3n virtual a la hora del almuerzo a cargo de expertos de la comunidad o del personal sobre temas relacionados con el desarrollo infantil, la educaci\u00f3n de la primera infancia y la crianza y la vida familiar. Los temas anteriores incluyen: el desarrollo del habla y el lenguaje, la alimentaci\u00f3n y la nutrici\u00f3n de los ni\u00f1os peque\u00f1os, la disciplina positiva y la preparaci\u00f3n para el jard\u00edn de infancia.\t\t\t\t\t\t\t\t<\/div>\n\t\t\t\t<\/div>\n\t\t\t\t\t<\/div>\n\t\t<\/div>\n\t\t\t\t\t<\/div>\n\t\t<\/section>\n\t\t\t\t<\/div>\n\t\t","protected":false},"excerpt":{"rendered":"<p>Participaci\u00f3n de los padres Comit\u00e9 de Padres y Profesores El Comit\u00e9 de Padres y Profesores (PTC) es un comit\u00e9 permanente formado por padres y profesores con la intenci\u00f3n de construir, apoyar y liderar una exitosa asociaci\u00f3n hogar-escuela en Hutch Kids. Ofrecemos una plataforma para que las familias y el personal de diferentes aulas y niveles [&hellip;]<\/p>\n","protected":false},"author":3,"featured_media":0,"parent":0,"menu_order":0,"comment_status":"closed","ping_status":"closed","template":"","meta":{"site-sidebar-layout":"no-sidebar","site-content-layout":"page-builder","ast-site-content-layout":"default","site-content-style":"default","site-sidebar-style":"default","ast-global-header-display":"","ast-banner-title-visibility":"","ast-main-header-display":"","ast-hfb-above-header-display":"","ast-hfb-below-header-display":"","ast-hfb-mobile-header-display":"","site-post-title":"disabled","ast-breadcrumbs-content":"","ast-featured-img":"disabled","footer-sml-layout":"","ast-disable-related-posts":"","theme-transparent-header-meta":"","adv-header-id-meta":"","stick-header-meta":"","header-above-stick-meta":"","header-main-stick-meta":"","header-below-stick-meta":"","astra-migrate-meta-layouts":"default","ast-page-background-enabled":"default","ast-page-background-meta":{"desktop":{"background-color":"var(--ast-global-color-4)","background-image":"","background-repeat":"repeat","background-position":"center center","background-size":"auto","background-attachment":"scroll","background-type":"","background-media":"","overlay-type":"","overlay-color":"","overlay-opacity":"","overlay-gradient":""},"tablet":{"background-color":"","background-image":"","background-repeat":"repeat","background-position":"center center","background-size":"auto","background-attachment":"scroll","background-type":"","background-media":"","overlay-type":"","overlay-color":"","overlay-opacity":"","overlay-gradient":""},"mobile":{"background-color":"","background-image":"","background-repeat":"repeat","background-position":"center center","background-size":"auto","background-attachment":"scroll","background-type":"","background-media":"","overlay-type":"","overlay-color":"","overlay-opacity":"","overlay-gradient":""}},"ast-content-background-meta":{"desktop":{"background-color":"var(--ast-global-color-5)","background-image":"","background-repeat":"repeat","background-position":"center center","background-size":"auto","background-attachment":"scroll","background-type":"","background-media":"","overlay-type":"","overlay-color":"","overlay-opacity":"","overlay-gradient":""},"tablet":{"background-color":"var(--ast-global-color-5)","background-image":"","background-repeat":"repeat","background-position":"center center","background-size":"auto","background-attachment":"scroll","background-type":"","background-media":"","overlay-type":"","overlay-color":"","overlay-opacity":"","overlay-gradient":""},"mobile":{"background-color":"var(--ast-global-color-5)","background-image":"","background-repeat":"repeat","background-position":"center center","background-size":"auto","background-attachment":"scroll","background-type":"","background-media":"","overlay-type":"","overlay-color":"","overlay-opacity":"","overlay-gradient":""}},"footnotes":""},"class_list":["post-4300","page","type-page","status-publish","hentry"],"_links":{"self":[{"href":"https:\/\/hutchkids.org\/es\/wp-json\/wp\/v2\/pages\/4300","targetHints":{"allow":["GET"]}}],"collection":[{"href":"https:\/\/hutchkids.org\/es\/wp-json\/wp\/v2\/pages"}],"about":[{"href":"https:\/\/hutchkids.org\/es\/wp-json\/wp\/v2\/types\/page"}],"author":[{"embeddable":true,"href":"https:\/\/hutchkids.org\/es\/wp-json\/wp\/v2\/users\/3"}],"replies":[{"embeddable":true,"href":"https:\/\/hutchkids.org\/es\/wp-json\/wp\/v2\/comments?post=4300"}],"version-history":[{"count":2,"href":"https:\/\/hutchkids.org\/es\/wp-json\/wp\/v2\/pages\/4300\/revisions"}],"predecessor-version":[{"id":4302,"href":"https:\/\/hutchkids.org\/es\/wp-json\/wp\/v2\/pages\/4300\/revisions\/4302"}],"wp:attachment":[{"href":"https:\/\/hutchkids.org\/es\/wp-json\/wp\/v2\/media?parent=4300"}],"curies":[{"name":"wp","href":"https:\/\/api.w.org\/{rel}","templated":true}]}}