{"id":4341,"date":"2022-04-12T08:45:11","date_gmt":"2022-04-12T15:45:11","guid":{"rendered":"https:\/\/hutchkids.org\/contratacion-de-la-junta-directiva\/"},"modified":"2024-05-23T08:16:55","modified_gmt":"2024-05-23T15:16:55","slug":"contratacion-de-la-junta-directiva","status":"publish","type":"page","link":"https:\/\/hutchkids.org\/es\/contratacion-de-la-junta-directiva\/","title":{"rendered":"Contrataci\u00f3n de la Junta Directiva"},"content":{"rendered":"\t\t<div data-elementor-type=\"wp-page\" data-elementor-id=\"4341\" class=\"elementor elementor-4341 elementor-1284\" data-elementor-post-type=\"page\">\n\t\t\t\t\t\t<section class=\"elementor-section elementor-top-section elementor-element elementor-element-3888f52 elementor-section-height-min-height elementor-section-boxed elementor-section-height-default elementor-section-items-middle\" data-id=\"3888f52\" data-element_type=\"section\" data-settings=\"{&quot;background_background&quot;:&quot;classic&quot;}\">\n\t\t\t\t\t\t\t<div class=\"elementor-background-overlay\"><\/div>\n\t\t\t\t\t\t\t<div class=\"elementor-container elementor-column-gap-default\">\n\t\t\t\t\t<div class=\"elementor-column elementor-col-100 elementor-top-column elementor-element elementor-element-03c7d07\" data-id=\"03c7d07\" data-element_type=\"column\">\n\t\t\t<div class=\"elementor-widget-wrap elementor-element-populated\">\n\t\t\t\t\t\t<div class=\"elementor-element elementor-element-4aab46a elementor-widget elementor-widget-heading\" data-id=\"4aab46a\" data-element_type=\"widget\" data-widget_type=\"heading.default\">\n\t\t\t\t<div class=\"elementor-widget-container\">\n\t\t\t\t\t<h1 class=\"elementor-heading-title elementor-size-default\">Contrataci\u00f3n de la Junta Directiva<\/h1>\t\t\t\t<\/div>\n\t\t\t\t<\/div>\n\t\t\t\t\t<\/div>\n\t\t<\/div>\n\t\t\t\t\t<\/div>\n\t\t<\/section>\n\t\t\t\t<section class=\"elementor-section elementor-top-section elementor-element elementor-element-6d6bdecd elementor-section-full_width elementor-section-height-min-height elementor-section-items-top elementor-section-height-default\" data-id=\"6d6bdecd\" data-element_type=\"section\" data-settings=\"{&quot;background_background&quot;:&quot;classic&quot;}\">\n\t\t\t\t\t\t<div class=\"elementor-container elementor-column-gap-default\">\n\t\t\t\t\t<div class=\"elementor-column elementor-col-100 elementor-top-column elementor-element elementor-element-665c2f12\" data-id=\"665c2f12\" data-element_type=\"column\">\n\t\t\t<div class=\"elementor-widget-wrap elementor-element-populated\">\n\t\t\t\t\t\t<div class=\"elementor-element elementor-element-8eab918 elementor-widget elementor-widget-spacer\" data-id=\"8eab918\" data-element_type=\"widget\" data-widget_type=\"spacer.default\">\n\t\t\t\t<div class=\"elementor-widget-container\">\n\t\t\t\t\t\t\t<div class=\"elementor-spacer\">\n\t\t\t<div class=\"elementor-spacer-inner\"><\/div>\n\t\t<\/div>\n\t\t\t\t\t\t<\/div>\n\t\t\t\t<\/div>\n\t\t\t\t\t<\/div>\n\t\t<\/div>\n\t\t\t\t\t<\/div>\n\t\t<\/section>\n\t\t\t\t<section class=\"elementor-section elementor-top-section elementor-element elementor-element-0b66706 elementor-section-boxed elementor-section-height-default elementor-section-height-default\" data-id=\"0b66706\" data-element_type=\"section\">\n\t\t\t\t\t\t<div class=\"elementor-container elementor-column-gap-default\">\n\t\t\t\t\t<div class=\"elementor-column elementor-col-100 elementor-top-column elementor-element elementor-element-e2a352b\" data-id=\"e2a352b\" data-element_type=\"column\">\n\t\t\t<div class=\"elementor-widget-wrap elementor-element-populated\">\n\t\t\t\t\t\t<div class=\"elementor-element elementor-element-e2d24c3 elementor-widget elementor-widget-heading\" data-id=\"e2d24c3\" data-element_type=\"widget\" data-widget_type=\"heading.default\">\n\t\t\t\t<div class=\"elementor-widget-container\">\n\t\t\t\t\t<h2 class=\"elementor-heading-title elementor-size-default\">Somos Comunidad<\/h2>\t\t\t\t<\/div>\n\t\t\t\t<\/div>\n\t\t\t\t<div class=\"elementor-element elementor-element-6e1d0f1 elementor-widget elementor-widget-text-editor\" data-id=\"6e1d0f1\" data-element_type=\"widget\" data-widget_type=\"text-editor.default\">\n\t\t\t\t<div class=\"elementor-widget-container\">\n\t\t\t\t\t\t\t\t\t<p><span style=\"font-size: 1.1em;\">La junta de Hutch Kids est\u00e1 reclutando activamente nuevos miembros para el pr\u00f3ximo ciclo de la junta que comienza en junio. Como miembro de la junta directiva, usted tiene la oportunidad de influir y apoyar la misi\u00f3n de Hutch Kids de ofrecer oportunidades de cuidado infantil de calidad in situ a las familias de los empleados del Fred Hutch Cancer Center, sus socios y la comunidad en general. La junta directiva colabora estrechamente con el director ejecutivo para garantizar que dispone de los recursos necesarios para ofrecer el mejor programa de aprendizaje y atenci\u00f3n temprana posible.<\/span><\/p>\n<p>Las reuniones de la Junta se celebran en formato h\u00edbrido el cuarto jueves de cada mes de 16:30 a 18:00. Cada miembro del Consejo participa en al menos un comit\u00e9. Los comit\u00e9s permanentes son el de Desarrollo del Consejo, el de Planificaci\u00f3n Estrat\u00e9gica, el de Finanzas y el de Comunicaciones\/Inform\u00e1tica.<\/p>\n<p>Si est\u00e1 interesado en saber m\u00e1s sobre c\u00f3mo formar parte de la junta directiva, p\u00f3ngase en contacto con el presidente de la junta en <a href=\"mailto:board@hutchkids.org\">board@hutchkids.org.<\/a><\/p>\n\t\t\t\t\t\t\t\t<\/div>\n\t\t\t\t<\/div>\n\t\t\t\t\t<\/div>\n\t\t<\/div>\n\t\t\t\t\t<\/div>\n\t\t<\/section>\n\t\t\t\t<section class=\"elementor-section elementor-top-section elementor-element elementor-element-ba84225 elementor-section-boxed elementor-section-height-default elementor-section-height-default\" data-id=\"ba84225\" data-element_type=\"section\">\n\t\t\t\t\t\t<div class=\"elementor-container elementor-column-gap-default\">\n\t\t\t\t\t<div class=\"elementor-column elementor-col-100 elementor-top-column elementor-element elementor-element-001373a\" data-id=\"001373a\" data-element_type=\"column\">\n\t\t\t<div class=\"elementor-widget-wrap elementor-element-populated\">\n\t\t\t\t\t\t<div class=\"elementor-element elementor-element-9455da2 elementor-widget elementor-widget-image\" data-id=\"9455da2\" data-element_type=\"widget\" data-widget_type=\"image.default\">\n\t\t\t\t<div class=\"elementor-widget-container\">\n\t\t\t\t\t\t\t\t\t\t\t\t\t\t\t<img fetchpriority=\"high\" decoding=\"async\" width=\"1600\" height=\"1067\" src=\"https:\/\/hutchkids.org\/wp-content\/uploads\/2022\/06\/BoardRecruitement_Inset.jpg\" class=\"attachment-full size-full wp-image-4109\" alt=\"\" srcset=\"https:\/\/hutchkids.org\/wp-content\/uploads\/2022\/06\/BoardRecruitement_Inset.jpg 1600w, https:\/\/hutchkids.org\/wp-content\/uploads\/2022\/06\/BoardRecruitement_Inset-300x200.jpg 300w, https:\/\/hutchkids.org\/wp-content\/uploads\/2022\/06\/BoardRecruitement_Inset-1024x683.jpg 1024w, https:\/\/hutchkids.org\/wp-content\/uploads\/2022\/06\/BoardRecruitement_Inset-768x512.jpg 768w, https:\/\/hutchkids.org\/wp-content\/uploads\/2022\/06\/BoardRecruitement_Inset-391x260.jpg 391w, https:\/\/hutchkids.org\/wp-content\/uploads\/2022\/06\/BoardRecruitement_Inset-1536x1024.jpg 1536w, https:\/\/hutchkids.org\/wp-content\/uploads\/2022\/06\/BoardRecruitement_Inset-600x400.jpg 600w\" sizes=\"(max-width: 1600px) 100vw, 1600px\" \/>\t\t\t\t\t\t\t\t\t\t\t\t\t\t\t<\/div>\n\t\t\t\t<\/div>\n\t\t\t\t\t<\/div>\n\t\t<\/div>\n\t\t\t\t\t<\/div>\n\t\t<\/section>\n\t\t\t\t<\/div>\n\t\t","protected":false},"excerpt":{"rendered":"<p>Contrataci\u00f3n de la Junta Directiva Somos Comunidad La junta de Hutch Kids est\u00e1 reclutando activamente nuevos miembros para el pr\u00f3ximo ciclo de la junta que comienza en junio. Como miembro de la junta directiva, usted tiene la oportunidad de influir y apoyar la misi\u00f3n de Hutch Kids de ofrecer oportunidades de cuidado infantil de calidad [&hellip;]<\/p>\n","protected":false},"author":3,"featured_media":0,"parent":0,"menu_order":0,"comment_status":"closed","ping_status":"closed","template":"","meta":{"site-sidebar-layout":"no-sidebar","site-content-layout":"page-builder","ast-site-content-layout":"default","site-content-style":"default","site-sidebar-style":"default","ast-global-header-display":"","ast-banner-title-visibility":"","ast-main-header-display":"","ast-hfb-above-header-display":"","ast-hfb-below-header-display":"","ast-hfb-mobile-header-display":"","site-post-title":"disabled","ast-breadcrumbs-content":"","ast-featured-img":"disabled","footer-sml-layout":"","ast-disable-related-posts":"","theme-transparent-header-meta":"","adv-header-id-meta":"","stick-header-meta":"","header-above-stick-meta":"","header-main-stick-meta":"","header-below-stick-meta":"","astra-migrate-meta-layouts":"default","ast-page-background-enabled":"default","ast-page-background-meta":{"desktop":{"background-color":"var(--ast-global-color-4)","background-image":"","background-repeat":"repeat","background-position":"center center","background-size":"auto","background-attachment":"scroll","background-type":"","background-media":"","overlay-type":"","overlay-color":"","overlay-opacity":"","overlay-gradient":""},"tablet":{"background-color":"","background-image":"","background-repeat":"repeat","background-position":"center center","background-size":"auto","background-attachment":"scroll","background-type":"","background-media":"","overlay-type":"","overlay-color":"","overlay-opacity":"","overlay-gradient":""},"mobile":{"background-color":"","background-image":"","background-repeat":"repeat","background-position":"center center","background-size":"auto","background-attachment":"scroll","background-type":"","background-media":"","overlay-type":"","overlay-color":"","overlay-opacity":"","overlay-gradient":""}},"ast-content-background-meta":{"desktop":{"background-color":"var(--ast-global-color-5)","background-image":"","background-repeat":"repeat","background-position":"center center","background-size":"auto","background-attachment":"scroll","background-type":"","background-media":"","overlay-type":"","overlay-color":"","overlay-opacity":"","overlay-gradient":""},"tablet":{"background-color":"var(--ast-global-color-5)","background-image":"","background-repeat":"repeat","background-position":"center center","background-size":"auto","background-attachment":"scroll","background-type":"","background-media":"","overlay-type":"","overlay-color":"","overlay-opacity":"","overlay-gradient":""},"mobile":{"background-color":"var(--ast-global-color-5)","background-image":"","background-repeat":"repeat","background-position":"center center","background-size":"auto","background-attachment":"scroll","background-type":"","background-media":"","overlay-type":"","overlay-color":"","overlay-opacity":"","overlay-gradient":""}},"footnotes":""},"class_list":["post-4341","page","type-page","status-publish","hentry"],"_links":{"self":[{"href":"https:\/\/hutchkids.org\/es\/wp-json\/wp\/v2\/pages\/4341","targetHints":{"allow":["GET"]}}],"collection":[{"href":"https:\/\/hutchkids.org\/es\/wp-json\/wp\/v2\/pages"}],"about":[{"href":"https:\/\/hutchkids.org\/es\/wp-json\/wp\/v2\/types\/page"}],"author":[{"embeddable":true,"href":"https:\/\/hutchkids.org\/es\/wp-json\/wp\/v2\/users\/3"}],"replies":[{"embeddable":true,"href":"https:\/\/hutchkids.org\/es\/wp-json\/wp\/v2\/comments?post=4341"}],"version-history":[{"count":3,"href":"https:\/\/hutchkids.org\/es\/wp-json\/wp\/v2\/pages\/4341\/revisions"}],"predecessor-version":[{"id":9643,"href":"https:\/\/hutchkids.org\/es\/wp-json\/wp\/v2\/pages\/4341\/revisions\/9643"}],"wp:attachment":[{"href":"https:\/\/hutchkids.org\/es\/wp-json\/wp\/v2\/media?parent=4341"}],"curies":[{"name":"wp","href":"https:\/\/api.w.org\/{rel}","templated":true}]}}