{"id":4428,"date":"2022-04-15T15:58:56","date_gmt":"2022-04-15T22:58:56","guid":{"rendered":"https:\/\/hutchkids.org\/covid-19-politicas-de-funcionamiento\/"},"modified":"2025-06-09T20:28:44","modified_gmt":"2025-06-10T03:28:44","slug":"covid-19-politicas-de-funcionamiento","status":"publish","type":"page","link":"https:\/\/hutchkids.org\/es\/covid-19-politicas-de-funcionamiento\/","title":{"rendered":"COVID-19 Pol\u00edticas de funcionamiento"},"content":{"rendered":"\t\t<div data-elementor-type=\"wp-page\" data-elementor-id=\"4428\" class=\"elementor elementor-4428 elementor-1645\" data-elementor-post-type=\"page\">\n\t\t\t\t\t\t<section class=\"elementor-section elementor-top-section elementor-element elementor-element-646ee94 elementor-section-height-min-height elementor-section-boxed elementor-section-height-default elementor-section-items-middle\" data-id=\"646ee94\" data-element_type=\"section\" data-settings=\"{&quot;background_background&quot;:&quot;classic&quot;}\">\n\t\t\t\t\t\t\t<div class=\"elementor-background-overlay\"><\/div>\n\t\t\t\t\t\t\t<div class=\"elementor-container elementor-column-gap-default\">\n\t\t\t\t\t<div class=\"elementor-column elementor-col-100 elementor-top-column elementor-element elementor-element-24024be\" data-id=\"24024be\" data-element_type=\"column\">\n\t\t\t<div class=\"elementor-widget-wrap elementor-element-populated\">\n\t\t\t\t\t\t<div class=\"elementor-element elementor-element-4136425 elementor-widget elementor-widget-heading\" data-id=\"4136425\" data-element_type=\"widget\" data-widget_type=\"heading.default\">\n\t\t\t\t<div class=\"elementor-widget-container\">\n\t\t\t\t\t<h1 class=\"elementor-heading-title elementor-size-default\">Pol\u00edticas de enfermedad<\/h1>\t\t\t\t<\/div>\n\t\t\t\t<\/div>\n\t\t\t\t\t<\/div>\n\t\t<\/div>\n\t\t\t\t\t<\/div>\n\t\t<\/section>\n\t\t\t\t<section class=\"elementor-section elementor-top-section elementor-element elementor-element-ee651db elementor-section-boxed elementor-section-height-default elementor-section-height-default\" data-id=\"ee651db\" data-element_type=\"section\">\n\t\t\t\t\t\t<div class=\"elementor-container elementor-column-gap-default\">\n\t\t\t\t\t<div class=\"elementor-column elementor-col-100 elementor-top-column elementor-element elementor-element-a0e115b\" data-id=\"a0e115b\" data-element_type=\"column\">\n\t\t\t<div class=\"elementor-widget-wrap elementor-element-populated\">\n\t\t\t\t\t\t<div class=\"elementor-element elementor-element-b585f3f elementor-widget elementor-widget-heading\" data-id=\"b585f3f\" data-element_type=\"widget\" data-widget_type=\"heading.default\">\n\t\t\t\t<div class=\"elementor-widget-container\">\n\t\t\t\t\t<h2 class=\"elementor-heading-title elementor-size-default\">Estamos juntos en esto<\/h2>\t\t\t\t<\/div>\n\t\t\t\t<\/div>\n\t\t\t\t<div class=\"elementor-element elementor-element-5da95a5 elementor-widget elementor-widget-text-editor\" data-id=\"5da95a5\" data-element_type=\"widget\" data-widget_type=\"text-editor.default\">\n\t\t\t\t<div class=\"elementor-widget-container\">\n\t\t\t\t\t\t\t\t\t<p>Hutch Kids trabaja en colaboraci\u00f3n con el Departamento de Salud P\u00fablica del Condado de King, los expertos en prevenci\u00f3n de infecciones de Fred Hutch y nuestra propia enfermera asesora para determinar las mejores normas para mantener la seguridad de nuestra comunidad y el centro abierto para apoyar a los ni\u00f1os y las familias.<\/p><ul>\n<\/ul>\n<p style=\"font-weight: 400;\"><u>Los alumnos ser\u00e1n excluidos de la atenci\u00f3n cuando tengan:<\/u><\/p>\n<ul>\n<li style=\"font-weight: 400;\">Una enfermedad o afecci\u00f3n que impida al ni\u00f1o participar en las actividades normales o que requiera m\u00e1s cuidados y atenci\u00f3n de los que puede proporcionar el proveedor de aprendizaje temprano.<\/li>\n<li style=\"font-weight: 400;\">Enfermedad contagiosa diagnosticada.<\/li>\n<li style=\"font-weight: 400;\">Fiebre (una temperatura de 100,4 grados Fahrenheit o superior) y s\u00edntomas de enfermedad como dolor de garganta, tos, dolor de o\u00eddos, dolor de cabeza, v\u00f3mitos, diarrea. Se considera resuelto cuando no hay fiebre durante 24 horas sin el uso de medicamentos antifebriles y 24 horas de mejor\u00eda de los s\u00edntomas.<\/li>\n<li style=\"font-weight: 400;\">Llagas o heridas abiertas que desprenden fluidos corporales que no pueden cubrirse adecuadamente con un ap\u00f3sito impermeable o llagas en la boca con babas<\/li>\n<li style=\"font-weight: 400;\">Diarrea: dos o m\u00e1s veces en las \u00faltimas 24 horas<\/li>\n<li style=\"font-weight: 400;\">V\u00f3mitos: dos o m\u00e1s veces en las \u00faltimas 24 horas<\/li>\n<li style=\"font-weight: 400;\">Una erupci\u00f3n no asociada al calor, al cambio de pa\u00f1ales o a una reacci\u00f3n al\u00e9rgica<\/li>\n<li style=\"font-weight: 400;\">Otros signos de una nueva enfermedad no relacionada con una afecci\u00f3n conocida (como las alergias estacionales)<\/li>\n<li style=\"font-weight: 400;\">Piojos, ti\u00f1a o sarna hasta despu\u00e9s de recibir el primer tratamiento<\/li>\n<\/ul>\n<p style=\"font-weight: 400;\"><u>Despu\u00e9s de una enfermedad infecciosa y\/o respiratoria, los ni\u00f1os pueden volver a Hutch Kids, cuando, durante al menos 24 horas,&nbsp;<strong>ambas&nbsp;<\/strong>de las siguientes son verdaderas:<\/u><\/p>\n<ul>\n<li style=\"font-weight: 400;\">Los s\u00edntomas mejoran en general<\/li>\n<li style=\"font-weight: 400;\">No han tenido fiebre durante 24 horas (y no est\u00e1n tomando medicamentos antifebriles) V\u00e9ase el gr\u00e1fico adjunto.<\/li>\n<li style=\"font-weight: 400;\">Pueden participar en actividades normales (comer, dormir y jugar) y no necesitan atenci\u00f3n personalizada de un proveedor de aprendizaje temprano.<\/li>\n<li style=\"font-weight: 400;\">Tras volver a Hutch Kids despu\u00e9s de una enfermedad respiratoria, se recomienda que los ni\u00f1os a partir de 3 a\u00f1os lleven mascarilla durante los cinco d\u00edas siguientes al primer d\u00eda de mejor\u00eda de los s\u00edntomas.<\/li>\n<\/ul>\n<p><a style=\"font-style: inherit; background-color: #ffffff;\" href=\"https:\/\/vaccinelocator.doh.wa.gov\/\">Buscador de vacunas de salud p\u00fablica<\/a><\/p>\n<p>A continuaci\u00f3n encontrar\u00e1 recursos para las familias.<\/p>\t\t\t\t\t\t\t\t<\/div>\n\t\t\t\t<\/div>\n\t\t\t\t<div class=\"elementor-element elementor-element-5885927 elementor-widget elementor-widget-text-editor\" data-id=\"5885927\" data-element_type=\"widget\" data-widget_type=\"text-editor.default\">\n\t\t\t\t<div class=\"elementor-widget-container\">\n\t\t\t\t\t\t\t\t\t<p><a href=\"https:\/\/hutchkids.org\/wp-content\/uploads\/2022\/11\/KMHI-Nov-2022-1.pdf\">Mant\u00e9ngame en casa si <\/a><\/p><p><a href=\"https:\/\/hutchkids.org\/wp-content\/uploads\/2024\/03\/RVG-visual-example_-March-24.pdf\">Gu\u00eda de los CDC sobre virus respiratorios<\/a><\/p>\t\t\t\t\t\t\t\t<\/div>\n\t\t\t\t<\/div>\n\t\t\t\t\t<\/div>\n\t\t<\/div>\n\t\t\t\t\t<\/div>\n\t\t<\/section>\n\t\t\t\t<\/div>\n\t\t","protected":false},"excerpt":{"rendered":"<p>Pol\u00edticas de enfermedad Estamos juntos en esto Hutch Kids trabaja en colaboraci\u00f3n con el Departamento de Salud P\u00fablica del Condado de King, los expertos en prevenci\u00f3n de infecciones de Fred Hutch y nuestra propia enfermera asesora para determinar las mejores normas para mantener la seguridad de nuestra comunidad y el centro abierto para apoyar a [&hellip;]<\/p>\n","protected":false},"author":3,"featured_media":0,"parent":0,"menu_order":0,"comment_status":"closed","ping_status":"closed","template":"","meta":{"site-sidebar-layout":"no-sidebar","site-content-layout":"page-builder","ast-site-content-layout":"default","site-content-style":"default","site-sidebar-style":"default","ast-global-header-display":"","ast-banner-title-visibility":"","ast-main-header-display":"","ast-hfb-above-header-display":"","ast-hfb-below-header-display":"","ast-hfb-mobile-header-display":"","site-post-title":"disabled","ast-breadcrumbs-content":"","ast-featured-img":"disabled","footer-sml-layout":"","ast-disable-related-posts":"","theme-transparent-header-meta":"","adv-header-id-meta":"","stick-header-meta":"","header-above-stick-meta":"","header-main-stick-meta":"","header-below-stick-meta":"","astra-migrate-meta-layouts":"default","ast-page-background-enabled":"default","ast-page-background-meta":{"desktop":{"background-color":"var(--ast-global-color-4)","background-image":"","background-repeat":"repeat","background-position":"center center","background-size":"auto","background-attachment":"scroll","background-type":"","background-media":"","overlay-type":"","overlay-color":"","overlay-opacity":"","overlay-gradient":""},"tablet":{"background-color":"","background-image":"","background-repeat":"repeat","background-position":"center center","background-size":"auto","background-attachment":"scroll","background-type":"","background-media":"","overlay-type":"","overlay-color":"","overlay-opacity":"","overlay-gradient":""},"mobile":{"background-color":"","background-image":"","background-repeat":"repeat","background-position":"center center","background-size":"auto","background-attachment":"scroll","background-type":"","background-media":"","overlay-type":"","overlay-color":"","overlay-opacity":"","overlay-gradient":""}},"ast-content-background-meta":{"desktop":{"background-color":"var(--ast-global-color-5)","background-image":"","background-repeat":"repeat","background-position":"center center","background-size":"auto","background-attachment":"scroll","background-type":"","background-media":"","overlay-type":"","overlay-color":"","overlay-opacity":"","overlay-gradient":""},"tablet":{"background-color":"var(--ast-global-color-5)","background-image":"","background-repeat":"repeat","background-position":"center center","background-size":"auto","background-attachment":"scroll","background-type":"","background-media":"","overlay-type":"","overlay-color":"","overlay-opacity":"","overlay-gradient":""},"mobile":{"background-color":"var(--ast-global-color-5)","background-image":"","background-repeat":"repeat","background-position":"center center","background-size":"auto","background-attachment":"scroll","background-type":"","background-media":"","overlay-type":"","overlay-color":"","overlay-opacity":"","overlay-gradient":""}},"footnotes":""},"class_list":["post-4428","page","type-page","status-publish","hentry"],"_links":{"self":[{"href":"https:\/\/hutchkids.org\/es\/wp-json\/wp\/v2\/pages\/4428","targetHints":{"allow":["GET"]}}],"collection":[{"href":"https:\/\/hutchkids.org\/es\/wp-json\/wp\/v2\/pages"}],"about":[{"href":"https:\/\/hutchkids.org\/es\/wp-json\/wp\/v2\/types\/page"}],"author":[{"embeddable":true,"href":"https:\/\/hutchkids.org\/es\/wp-json\/wp\/v2\/users\/3"}],"replies":[{"embeddable":true,"href":"https:\/\/hutchkids.org\/es\/wp-json\/wp\/v2\/comments?post=4428"}],"version-history":[{"count":20,"href":"https:\/\/hutchkids.org\/es\/wp-json\/wp\/v2\/pages\/4428\/revisions"}],"predecessor-version":[{"id":11504,"href":"https:\/\/hutchkids.org\/es\/wp-json\/wp\/v2\/pages\/4428\/revisions\/11504"}],"wp:attachment":[{"href":"https:\/\/hutchkids.org\/es\/wp-json\/wp\/v2\/media?parent=4428"}],"curies":[{"name":"wp","href":"https:\/\/api.w.org\/{rel}","templated":true}]}}