{"id":4437,"date":"2022-05-02T15:33:16","date_gmt":"2022-05-02T22:33:16","guid":{"rendered":"https:\/\/hutchkids.org\/programas-de-enriquecimiento\/"},"modified":"2024-08-30T15:26:54","modified_gmt":"2024-08-30T22:26:54","slug":"programas-de-enriquecimiento","status":"publish","type":"page","link":"https:\/\/hutchkids.org\/es\/programas-de-enriquecimiento\/","title":{"rendered":"Programas de enriquecimiento"},"content":{"rendered":"\t\t<div data-elementor-type=\"wp-page\" data-elementor-id=\"4437\" class=\"elementor elementor-4437 elementor-1911\" data-elementor-post-type=\"page\">\n\t\t\t\t\t\t<section class=\"elementor-section elementor-top-section elementor-element elementor-element-2f9528b elementor-section-height-min-height elementor-section-boxed elementor-section-height-default elementor-section-items-middle\" data-id=\"2f9528b\" data-element_type=\"section\" data-settings=\"{&quot;background_background&quot;:&quot;classic&quot;}\">\n\t\t\t\t\t\t\t<div class=\"elementor-background-overlay\"><\/div>\n\t\t\t\t\t\t\t<div class=\"elementor-container elementor-column-gap-default\">\n\t\t\t\t\t<div class=\"elementor-column elementor-col-100 elementor-top-column elementor-element elementor-element-1d7ce77\" data-id=\"1d7ce77\" data-element_type=\"column\">\n\t\t\t<div class=\"elementor-widget-wrap elementor-element-populated\">\n\t\t\t\t\t\t<div class=\"elementor-element elementor-element-e318ab1 elementor-widget elementor-widget-heading\" data-id=\"e318ab1\" data-element_type=\"widget\" data-widget_type=\"heading.default\">\n\t\t\t\t<div class=\"elementor-widget-container\">\n\t\t\t\t\t<h1 class=\"elementor-heading-title elementor-size-default\">Programas de enriquecimiento<\/h1>\t\t\t\t<\/div>\n\t\t\t\t<\/div>\n\t\t\t\t\t<\/div>\n\t\t<\/div>\n\t\t\t\t\t<\/div>\n\t\t<\/section>\n\t\t\t\t<section class=\"elementor-section elementor-top-section elementor-element elementor-element-af8d744 elementor-section-boxed elementor-section-height-default elementor-section-height-default\" data-id=\"af8d744\" data-element_type=\"section\">\n\t\t\t\t\t\t<div class=\"elementor-container elementor-column-gap-default\">\n\t\t\t\t\t<div class=\"elementor-column elementor-col-100 elementor-top-column elementor-element elementor-element-2b81de6\" data-id=\"2b81de6\" data-element_type=\"column\">\n\t\t\t<div class=\"elementor-widget-wrap elementor-element-populated\">\n\t\t\t\t\t\t<section class=\"elementor-section elementor-inner-section elementor-element elementor-element-418e22e elementor-section-boxed elementor-section-height-default elementor-section-height-default\" data-id=\"418e22e\" data-element_type=\"section\">\n\t\t\t\t\t\t<div class=\"elementor-container elementor-column-gap-default\">\n\t\t\t\t\t<div class=\"elementor-column elementor-col-50 elementor-inner-column elementor-element elementor-element-7378105\" data-id=\"7378105\" data-element_type=\"column\">\n\t\t\t<div class=\"elementor-widget-wrap elementor-element-populated\">\n\t\t\t\t\t\t<div class=\"elementor-element elementor-element-fe77a27 elementor-widget elementor-widget-image\" data-id=\"fe77a27\" data-element_type=\"widget\" data-widget_type=\"image.default\">\n\t\t\t\t<div class=\"elementor-widget-container\">\n\t\t\t\t\t\t\t\t\t\t\t\t\t\t\t<img fetchpriority=\"high\" decoding=\"async\" width=\"444\" height=\"444\" src=\"https:\/\/hutchkids.org\/wp-content\/uploads\/2022\/07\/HK-EP-Icons-Garden-070522.jpg\" class=\"attachment-full size-full wp-image-4247\" alt=\"\" srcset=\"https:\/\/hutchkids.org\/wp-content\/uploads\/2022\/07\/HK-EP-Icons-Garden-070522.jpg 444w, https:\/\/hutchkids.org\/wp-content\/uploads\/2022\/07\/HK-EP-Icons-Garden-070522-300x300.jpg 300w, https:\/\/hutchkids.org\/wp-content\/uploads\/2022\/07\/HK-EP-Icons-Garden-070522-150x150.jpg 150w, https:\/\/hutchkids.org\/wp-content\/uploads\/2022\/07\/HK-EP-Icons-Garden-070522-100x100.jpg 100w\" sizes=\"(max-width: 444px) 100vw, 444px\" \/>\t\t\t\t\t\t\t\t\t\t\t\t\t\t\t<\/div>\n\t\t\t\t<\/div>\n\t\t\t\t\t<\/div>\n\t\t<\/div>\n\t\t\t\t<div class=\"elementor-column elementor-col-50 elementor-inner-column elementor-element elementor-element-1d7ce87\" data-id=\"1d7ce87\" data-element_type=\"column\">\n\t\t\t<div class=\"elementor-widget-wrap elementor-element-populated\">\n\t\t\t\t\t\t<div class=\"elementor-element elementor-element-5ba6983 elementor-widget elementor-widget-heading\" data-id=\"5ba6983\" data-element_type=\"widget\" data-widget_type=\"heading.default\">\n\t\t\t\t<div class=\"elementor-widget-container\">\n\t\t\t\t\t<h2 class=\"elementor-heading-title elementor-size-default\">Del jard\u00edn a la mesa<\/h2>\t\t\t\t<\/div>\n\t\t\t\t<\/div>\n\t\t\t\t<div class=\"elementor-element elementor-element-8ddbb20 elementor-widget elementor-widget-text-editor\" data-id=\"8ddbb20\" data-element_type=\"widget\" data-widget_type=\"text-editor.default\">\n\t\t\t\t<div class=\"elementor-widget-container\">\n\t\t\t\t\t\t\t\t\tEn Hutch Kids, Garden-to-Table es un momento de enriquecimiento que utiliza los jardines verticales del patio de recreo y el jard\u00edn urbano exterior. Los jardines est\u00e1n dise\u00f1ados para la participaci\u00f3n, la colaboraci\u00f3n y el intercambio de observaciones. El huerto urbano es una experiencia pr\u00e1ctica y t\u00e1ctil que ofrece a los ni\u00f1os la oportunidad de explorar sensorialmente, al tiempo que satisface su curiosidad y b\u00fasqueda de conocimiento. La ciencia de los jardines sustenta la vida, nos da alimento y acoge a multitud de bichos, gusanos, mariposas, abejas y, oh s\u00ed, \u00a1conejos urbanos! Los expertos en alimentaci\u00f3n en ciernes tienen la oportunidad de experimentar con la causa y el efecto cuando preparan su propio ali\u00f1o perfecto para la ensalada bas\u00e1ndose en los conocimientos previos de la prueba de sabor. Los panaderos utilizan sus primeras habilidades matem\u00e1ticas, midiendo y juntando la cantidad justa de ingredientes para hacer ese panecillo de mermelada perfecto inspirado en la levadura.  <br><br>  Los ni\u00f1os ayudan a realizar las tareas estacionales y, con el tiempo, empiezan a disfrutar del huerto como Laboratorio de Aprendizaje. El jard\u00edn satisface todas las necesidades de desarrollo de un ni\u00f1o peque\u00f1o: sociales, emocionales, cognitivas y f\u00edsicas. Los conceptos de la clase se construyen para conocer, evaluar y fomentar la indagaci\u00f3n, la toma de decisiones y la puesta en com\u00fan. La mezcla de actividades de jardiner\u00eda y culinarias tiene una estructura social que ayuda a crear este equilibrio.\t\t\t\t\t\t\t\t<\/div>\n\t\t\t\t<\/div>\n\t\t\t\t\t<\/div>\n\t\t<\/div>\n\t\t\t\t\t<\/div>\n\t\t<\/section>\n\t\t\t\t<div class=\"elementor-element elementor-element-783a269 elementor-widget-divider--view-line elementor-widget elementor-widget-divider\" data-id=\"783a269\" data-element_type=\"widget\" data-widget_type=\"divider.default\">\n\t\t\t\t<div class=\"elementor-widget-container\">\n\t\t\t\t\t\t\t<div class=\"elementor-divider\">\n\t\t\t<span class=\"elementor-divider-separator\">\n\t\t\t\t\t\t<\/span>\n\t\t<\/div>\n\t\t\t\t\t\t<\/div>\n\t\t\t\t<\/div>\n\t\t\t\t<section class=\"elementor-section elementor-inner-section elementor-element elementor-element-8823c3d elementor-reverse-mobile elementor-section-boxed elementor-section-height-default elementor-section-height-default\" data-id=\"8823c3d\" data-element_type=\"section\">\n\t\t\t\t\t\t<div class=\"elementor-container elementor-column-gap-default\">\n\t\t\t\t\t<div class=\"elementor-column elementor-col-50 elementor-inner-column elementor-element elementor-element-387eae2\" data-id=\"387eae2\" data-element_type=\"column\">\n\t\t\t<div class=\"elementor-widget-wrap elementor-element-populated\">\n\t\t\t\t\t\t<div class=\"elementor-element elementor-element-b15bc22 elementor-widget elementor-widget-heading\" data-id=\"b15bc22\" data-element_type=\"widget\" data-widget_type=\"heading.default\">\n\t\t\t\t<div class=\"elementor-widget-container\">\n\t\t\t\t\t<h2 class=\"elementor-heading-title elementor-size-default\">Enriquecimiento del espa\u00f1ol<\/h2>\t\t\t\t<\/div>\n\t\t\t\t<\/div>\n\t\t\t\t<div class=\"elementor-element elementor-element-dda8382 elementor-widget elementor-widget-text-editor\" data-id=\"dda8382\" data-element_type=\"widget\" data-widget_type=\"text-editor.default\">\n\t\t\t\t<div class=\"elementor-widget-container\">\n\t\t\t\t\t\t\t\t\t<p>El programa de enriquecimiento en espa\u00f1ol de Hutch es un programa \u00fanico desarrollado especialmente para cumplir y mejorar la visi\u00f3n y los objetivos de Hutch Kids de sumergir a los ni\u00f1os y las familias en un rico entorno multicultural\/multiling\u00fce. Tanto los ni\u00f1os como los profesores tienen la oportunidad de aprender y practicar el espa\u00f1ol b\u00e1sico y explorar la cultura latinoamericana a trav\u00e9s de la narraci\u00f3n de cuentos, el canto, el baile, el juego, la actuaci\u00f3n y mucho m\u00e1s. Cada aula o peque\u00f1o grupo de aulas participar\u00e1 en el enriquecimiento del espa\u00f1ol una vez a la semana realizando actividades adecuadas a su edad.<\/p>\n\t\t\t\t\t\t\t\t<\/div>\n\t\t\t\t<\/div>\n\t\t\t\t\t<\/div>\n\t\t<\/div>\n\t\t\t\t<div class=\"elementor-column elementor-col-50 elementor-inner-column elementor-element elementor-element-a3420fe\" data-id=\"a3420fe\" data-element_type=\"column\">\n\t\t\t<div class=\"elementor-widget-wrap elementor-element-populated\">\n\t\t\t\t\t\t<div class=\"elementor-element elementor-element-ff2e1da elementor-widget elementor-widget-image\" data-id=\"ff2e1da\" data-element_type=\"widget\" data-widget_type=\"image.default\">\n\t\t\t\t<div class=\"elementor-widget-container\">\n\t\t\t\t\t\t\t\t\t\t\t\t\t\t\t<img decoding=\"async\" width=\"444\" height=\"444\" src=\"https:\/\/hutchkids.org\/wp-content\/uploads\/2022\/07\/HK-EP-Icons-Spanish-0705223.jpg\" class=\"attachment-full size-full wp-image-4256\" alt=\"\" srcset=\"https:\/\/hutchkids.org\/wp-content\/uploads\/2022\/07\/HK-EP-Icons-Spanish-0705223.jpg 444w, https:\/\/hutchkids.org\/wp-content\/uploads\/2022\/07\/HK-EP-Icons-Spanish-0705223-300x300.jpg 300w, https:\/\/hutchkids.org\/wp-content\/uploads\/2022\/07\/HK-EP-Icons-Spanish-0705223-150x150.jpg 150w, https:\/\/hutchkids.org\/wp-content\/uploads\/2022\/07\/HK-EP-Icons-Spanish-0705223-100x100.jpg 100w\" sizes=\"(max-width: 444px) 100vw, 444px\" \/>\t\t\t\t\t\t\t\t\t\t\t\t\t\t\t<\/div>\n\t\t\t\t<\/div>\n\t\t\t\t\t<\/div>\n\t\t<\/div>\n\t\t\t\t\t<\/div>\n\t\t<\/section>\n\t\t\t\t<div class=\"elementor-element elementor-element-5238df4 elementor-widget-divider--view-line elementor-widget elementor-widget-divider\" data-id=\"5238df4\" data-element_type=\"widget\" data-widget_type=\"divider.default\">\n\t\t\t\t<div class=\"elementor-widget-container\">\n\t\t\t\t\t\t\t<div class=\"elementor-divider\">\n\t\t\t<span class=\"elementor-divider-separator\">\n\t\t\t\t\t\t<\/span>\n\t\t<\/div>\n\t\t\t\t\t\t<\/div>\n\t\t\t\t<\/div>\n\t\t\t\t<section class=\"elementor-section elementor-inner-section elementor-element elementor-element-ad10762 elementor-section-boxed elementor-section-height-default elementor-section-height-default\" data-id=\"ad10762\" data-element_type=\"section\">\n\t\t\t\t\t\t<div class=\"elementor-container elementor-column-gap-default\">\n\t\t\t\t\t<div class=\"elementor-column elementor-col-50 elementor-inner-column elementor-element elementor-element-cd0ec3e\" data-id=\"cd0ec3e\" data-element_type=\"column\">\n\t\t\t<div class=\"elementor-widget-wrap elementor-element-populated\">\n\t\t\t\t\t\t<div class=\"elementor-element elementor-element-d30ce39 elementor-widget elementor-widget-image\" data-id=\"d30ce39\" data-element_type=\"widget\" data-widget_type=\"image.default\">\n\t\t\t\t<div class=\"elementor-widget-container\">\n\t\t\t\t\t\t\t\t\t\t\t\t\t\t\t<img decoding=\"async\" width=\"444\" height=\"444\" src=\"https:\/\/hutchkids.org\/wp-content\/uploads\/2022\/07\/HK-EP-Icons-PhysicalEd-0705224.jpg\" class=\"attachment-full size-full wp-image-4253\" alt=\"\" srcset=\"https:\/\/hutchkids.org\/wp-content\/uploads\/2022\/07\/HK-EP-Icons-PhysicalEd-0705224.jpg 444w, https:\/\/hutchkids.org\/wp-content\/uploads\/2022\/07\/HK-EP-Icons-PhysicalEd-0705224-300x300.jpg 300w, https:\/\/hutchkids.org\/wp-content\/uploads\/2022\/07\/HK-EP-Icons-PhysicalEd-0705224-150x150.jpg 150w, https:\/\/hutchkids.org\/wp-content\/uploads\/2022\/07\/HK-EP-Icons-PhysicalEd-0705224-100x100.jpg 100w\" sizes=\"(max-width: 444px) 100vw, 444px\" \/>\t\t\t\t\t\t\t\t\t\t\t\t\t\t\t<\/div>\n\t\t\t\t<\/div>\n\t\t\t\t\t<\/div>\n\t\t<\/div>\n\t\t\t\t<div class=\"elementor-column elementor-col-50 elementor-inner-column elementor-element elementor-element-acd6544\" data-id=\"acd6544\" data-element_type=\"column\">\n\t\t\t<div class=\"elementor-widget-wrap elementor-element-populated\">\n\t\t\t\t\t\t<div class=\"elementor-element elementor-element-0bc9193 elementor-widget elementor-widget-heading\" data-id=\"0bc9193\" data-element_type=\"widget\" data-widget_type=\"heading.default\">\n\t\t\t\t<div class=\"elementor-widget-container\">\n\t\t\t\t\t<h2 class=\"elementor-heading-title elementor-size-default\">Educaci\u00f3n f\u00edsica para la primera infancia<\/h2>\t\t\t\t<\/div>\n\t\t\t\t<\/div>\n\t\t\t\t<div class=\"elementor-element elementor-element-fd2c962 elementor-widget elementor-widget-text-editor\" data-id=\"fd2c962\" data-element_type=\"widget\" data-widget_type=\"text-editor.default\">\n\t\t\t\t<div class=\"elementor-widget-container\">\n\t\t\t\t\t\t\t\t\t<p>Las aulas de preescolar y de ni\u00f1os peque\u00f1os de Hutch Kids tienen la oportunidad de experimentar la educaci\u00f3n f\u00edsica en el interior y los juegos de grupo al aire libre. Los fundamentos b\u00e1sicos de la educaci\u00f3n infantil se centran en el progreso del desarrollo individual, la estimulaci\u00f3n de la confianza en uno mismo, el fomento de las amistades, la conexi\u00f3n con la comunidad, el apoyo activo de unos a otros y la colaboraci\u00f3n con los profesores de la clase. Durante las experiencias de educaci\u00f3n f\u00edsica, los ni\u00f1os participar\u00e1n en una variedad de canciones, juegos, carreras de relevos, carreras de obst\u00e1culos y desaf\u00edos individuales y en equipo. Cada experiencia de educaci\u00f3n f\u00edsica est\u00e1 curada con las actividades mencionadas para fomentar la curiosidad, el valor, la independencia, la resistencia y, por supuesto, la diversi\u00f3n.<\/p>\n\t\t\t\t\t\t\t\t<\/div>\n\t\t\t\t<\/div>\n\t\t\t\t\t<\/div>\n\t\t<\/div>\n\t\t\t\t\t<\/div>\n\t\t<\/section>\n\t\t\t\t<div class=\"elementor-element elementor-element-5462898 elementor-widget-divider--view-line elementor-widget elementor-widget-divider\" data-id=\"5462898\" data-element_type=\"widget\" data-widget_type=\"divider.default\">\n\t\t\t\t<div class=\"elementor-widget-container\">\n\t\t\t\t\t\t\t<div class=\"elementor-divider\">\n\t\t\t<span class=\"elementor-divider-separator\">\n\t\t\t\t\t\t<\/span>\n\t\t<\/div>\n\t\t\t\t\t\t<\/div>\n\t\t\t\t<\/div>\n\t\t\t\t\t<\/div>\n\t\t<\/div>\n\t\t\t\t\t<\/div>\n\t\t<\/section>\n\t\t\t\t<\/div>\n\t\t","protected":false},"excerpt":{"rendered":"<p>Programas de enriquecimiento Del jard\u00edn a la mesa En Hutch Kids, Garden-to-Table es un momento de enriquecimiento que utiliza los jardines verticales del patio de recreo y el jard\u00edn urbano exterior. Los jardines est\u00e1n dise\u00f1ados para la participaci\u00f3n, la colaboraci\u00f3n y el intercambio de observaciones. El huerto urbano es una experiencia pr\u00e1ctica y t\u00e1ctil que [&hellip;]<\/p>\n","protected":false},"author":3,"featured_media":0,"parent":0,"menu_order":0,"comment_status":"closed","ping_status":"closed","template":"","meta":{"site-sidebar-layout":"no-sidebar","site-content-layout":"page-builder","ast-site-content-layout":"default","site-content-style":"default","site-sidebar-style":"default","ast-global-header-display":"","ast-banner-title-visibility":"","ast-main-header-display":"","ast-hfb-above-header-display":"","ast-hfb-below-header-display":"","ast-hfb-mobile-header-display":"","site-post-title":"disabled","ast-breadcrumbs-content":"","ast-featured-img":"disabled","footer-sml-layout":"","ast-disable-related-posts":"","theme-transparent-header-meta":"","adv-header-id-meta":"","stick-header-meta":"","header-above-stick-meta":"","header-main-stick-meta":"","header-below-stick-meta":"","astra-migrate-meta-layouts":"default","ast-page-background-enabled":"default","ast-page-background-meta":{"desktop":{"background-color":"var(--ast-global-color-4)","background-image":"","background-repeat":"repeat","background-position":"center center","background-size":"auto","background-attachment":"scroll","background-type":"","background-media":"","overlay-type":"","overlay-color":"","overlay-opacity":"","overlay-gradient":""},"tablet":{"background-color":"","background-image":"","background-repeat":"repeat","background-position":"center center","background-size":"auto","background-attachment":"scroll","background-type":"","background-media":"","overlay-type":"","overlay-color":"","overlay-opacity":"","overlay-gradient":""},"mobile":{"background-color":"","background-image":"","background-repeat":"repeat","background-position":"center center","background-size":"auto","background-attachment":"scroll","background-type":"","background-media":"","overlay-type":"","overlay-color":"","overlay-opacity":"","overlay-gradient":""}},"ast-content-background-meta":{"desktop":{"background-color":"var(--ast-global-color-5)","background-image":"","background-repeat":"repeat","background-position":"center center","background-size":"auto","background-attachment":"scroll","background-type":"","background-media":"","overlay-type":"","overlay-color":"","overlay-opacity":"","overlay-gradient":""},"tablet":{"background-color":"var(--ast-global-color-5)","background-image":"","background-repeat":"repeat","background-position":"center center","background-size":"auto","background-attachment":"scroll","background-type":"","background-media":"","overlay-type":"","overlay-color":"","overlay-opacity":"","overlay-gradient":""},"mobile":{"background-color":"var(--ast-global-color-5)","background-image":"","background-repeat":"repeat","background-position":"center center","background-size":"auto","background-attachment":"scroll","background-type":"","background-media":"","overlay-type":"","overlay-color":"","overlay-opacity":"","overlay-gradient":""}},"footnotes":""},"class_list":["post-4437","page","type-page","status-publish","hentry"],"_links":{"self":[{"href":"https:\/\/hutchkids.org\/es\/wp-json\/wp\/v2\/pages\/4437","targetHints":{"allow":["GET"]}}],"collection":[{"href":"https:\/\/hutchkids.org\/es\/wp-json\/wp\/v2\/pages"}],"about":[{"href":"https:\/\/hutchkids.org\/es\/wp-json\/wp\/v2\/types\/page"}],"author":[{"embeddable":true,"href":"https:\/\/hutchkids.org\/es\/wp-json\/wp\/v2\/users\/3"}],"replies":[{"embeddable":true,"href":"https:\/\/hutchkids.org\/es\/wp-json\/wp\/v2\/comments?post=4437"}],"version-history":[{"count":3,"href":"https:\/\/hutchkids.org\/es\/wp-json\/wp\/v2\/pages\/4437\/revisions"}],"predecessor-version":[{"id":10450,"href":"https:\/\/hutchkids.org\/es\/wp-json\/wp\/v2\/pages\/4437\/revisions\/10450"}],"wp:attachment":[{"href":"https:\/\/hutchkids.org\/es\/wp-json\/wp\/v2\/media?parent=4437"}],"curies":[{"name":"wp","href":"https:\/\/api.w.org\/{rel}","templated":true}]}}